{"id":35,"date":"2018-10-31T05:30:03","date_gmt":"2018-10-31T05:30:03","guid":{"rendered":"http:\/\/musikkapelle-see.com\/wordpress\/?page_id=35"},"modified":"2024-10-05T10:23:51","modified_gmt":"2024-10-05T10:23:51","slug":"kontakt","status":"publish","type":"page","link":"https:\/\/musikkapelle-see.com\/?page_id=35","title":{"rendered":"Impressum"},"content":{"rendered":"<div class=\"bhText bhElement bh-centered\" data-linkbtn=\"0\" data-uid=\"235\">\n<div class=\"bhElementInner\">\n<div class=\"bhTextInner\">\n<div class=\"bh-bodytext\">\n<h5>F\u00fcr den Inhalt verantwortlich:<\/h5>\n<p>Musikkapelle See<br \/>\nObmann Anton Gstrein<br \/>\nAu 97\/2, 6553 See<br \/>\nTirol \u00b7 \u00d6sterreich<\/p>\n<h5><strong>Bildrechte<\/strong><\/h5>\n<p>Sofern nicht anderst angegeben: Musikkapelle See<\/p>\n<\/div>\n<\/div>\n<\/div>\n<\/div>\n<div class=\"bhTrenner bhElement trntop bh-width-noselect bh-fade-noselect bh-centered\" data-linkbtn=\"0\" data-uid=\"2371\">\n<div class=\"bhElementInner\">\n<div class=\"bh-trenner-inner\">&nbsp;<\/div>\n<\/div>\n<\/div>\n<div class=\"bhText bhElement bh-centered\" data-linkbtn=\"0\" data-uid=\"237\">\n<div class=\"bhElementInner\">\n<div class=\"bhTextInner\">\n<div class=\"bh-bodytext\">\n<h5>INFORMATIONEN ZUR ONLINE-STREITBEILEGUNG GEM\u00c4SS ART. 14. ABS. 1 ODR-VO<\/h5>\n<p>Die EU-Kommission bietet die M\u00f6glichkeit zur Online-Streitbeilegung auf einer von ihr betriebene Platttform (sog. \u201eOS-Plattform\u201c). Die OS-Plattform kann als Anlaufstelle zur au\u00dfergerichtlichen Beilegung von Streitigkeiten aus Online-Kaufvertr\u00e4gen oder Dienstleistungsvertr\u00e4gen dienen. Diese Plattform ist \u00fcber den externen Link: http:\/\/ec.europa.eu\/consumers\/odr zu erreichen.<\/p>\n<h5>URHEBERRECHTE &amp; NUTZUNGSBEDINGUNGEN<\/h5>\n<p>Der Inhalt dieser Website ist urheberrechtlich gesch\u00fctzt. Bestimmte Inhalte k\u00f6nnen weiteres auch den Urheberrechts- und Nutzungsbedingungen von Partnern oder Lieferanten unterliegen. Die Bereitstellung von Inhalten und Bildmaterial dieser Website auf anderen Websites ist nur mit ausdr\u00fccklicher Genehmigung der B\u00e4ckerei Konditorei Kurz GmbH&nbsp;gestattet. Die auf dieser Website enthaltenen Angaben werden nach bestem Wissen erstellt und mit gro\u00dfer Sorgfalt auf ihre Richtigkeit \u00fcberpr\u00fcft. Trotzdem sind inhaltliche und sachliche Fehler nicht vollst\u00e4ndig auszuschlie\u00dfen. Die B\u00e4ckerei Konditorei Kurz GmbH&nbsp;\u00fcbernimmt&nbsp;keinerlei Garantie und Haftung f\u00fcr die Richtigkeit, Aktualit\u00e4t und Vollst\u00e4ndigkeit der bereitgestellten Informationen. Alle Angaben sind ohne Gew\u00e4hr.<\/p>\n<h5>HAFTUNGSHINWEIS<\/h5>\n<p>Trotz sorgf\u00e4ltiger inhaltlicher Kontrolle \u00fcbernehmen wir keine Haftung f\u00fcr die Inhalte externer Links. F\u00fcr den Inhalt der verlinkten Seiten sind ausschlie\u00dflich deren Betreiber verantwortlich.<\/p>\n<h5>COOKIES<\/h5>\n<p>Bei Cookies handelt es sich um kleine Textdateien, die lokal im Zwischenspeicher des Internet-Browsers des Seitenbesuchers gespeichert werden. Die Cookies erm\u00f6glichen die Wiedererkennung des Internet-Browsers. Sie dienen vor allem der einfacheren Verwendung von www.baeckerei-kurz.at&nbsp;bzw. dem rascheren Vorrankommen eines Nutzers w\u00e4hrend einer Suche oder Buchung. Diese Cookies geben aber unter gar keinen Umst\u00e4nden Zugriff auf Ihren Rechner, bzw. liefern pers\u00f6nliche Daten oder \u00c4hnliches.<\/p>\n<h5>GOOGLE ANALYTICS, REMARKETING<\/h5>\n<p>Diese Webseite benutzt Google Analytics, einen Webanalysedienst der Google Inc. (&#8222;Google&#8220;). Google Analytics verwendet sog. &#8222;Cookies&#8220;, Textdateien, die auf Ihrem Computer gespeichert werden und die eine Analyse der Benutzung der Webseite durch Sie erm\u00f6glicht. Die durch den Cookie erzeugten Informationen \u00fcber Ihre Benutzung dieser Webseite (einschlie\u00dflich Ihrer IP-Adresse) wird an einen Server der Google Inc. in den USA \u00fcbertragen und dort gespeichert. Google wird diese Informationen benutzen, um Ihre Nutzung der Webseite auszuwerten, um Reports \u00fcber die Webseitenaktivit\u00e4ten f\u00fcr die Webseitenbetreiber zusammenzustellen und um weitere mit der Webseitennutzung und der Internetnutzung verbundene Dienstleistungen zu erbringen. Auch wird Google diese Informationen gegebenenfalls an Dritte \u00fcbertragen, sofern dies gesetzlich vorgeschrieben oder soweit Dritte diese Daten im Auftrag von Google Inc. verarbeiten. Google wird in keinem Fall Ihre IP-Adresse mit anderen Daten der Google Inc. in Verbindung bringen. Sie k\u00f6nnen die Installation der Cookies durch eine entsprechende Einstellung Ihrer Browser Software verhindern. Durch die Nutzung dieser Webseite erkl\u00e4ren Sie sich mit der Bearbeitung der \u00fcber Sie erhobenen Daten durch Google in der zuvor beschriebenen Art und Weise und zu dem zuvor benannten Zweck einverstanden. Details finden Sie unter Google Datenschutz \u00dcberblick.<br \/>\nDas Deaktivierungs-Add-on f\u00fcr Browser von Google Analytics gibt dem Website-Besucher mehr Kontrolle dar\u00fcber, welche Daten zu aufgerufenen Websites von Google Analytics erfasst werden.<\/p>\n<ul>\n<li>Drittanbieter, einschlie\u00dflich Google, schalten Anzeigen auf Websites im Internet.<\/li>\n<li>Drittanbieter, einschlie\u00dflich Google, verwenden Cookies zum Schalten von Anzeigen auf Grundlage vorheriger Besuche eines Nutzers auf Ihrer Website.<\/li>\n<li>Nutzer k\u00f6nnen die Verwendung von Cookies durch Google deaktivieren, indem sie die Seite zur Deaktivierung von Google-Werbung aufrufen. Alternativ k\u00f6nnen Nutzer die Verwendung von Cookies durch Drittanbieter deaktivieren, indem sie die Deaktivierungsseite der Netzwerkwerbeinitiativeaufrufen.<\/li>\n<\/ul>\n<h5>ANALYSEDIENST PIWIK<\/h5>\n<p>Unserer Website verwendet Piwik, dabei handelt es sich um einen sogenannten Webanalysedienst. Piwik verwendet sog. &#8222;Cookies&#8220;, dass sind Textdateien, die auf Ihrem Computer gespeichert werden und die unsererseits eine Analyse der Benutzung der Webseite erm\u00f6glichen. Zu diesem Zweck werden die durch den Cookie erzeugten Nutzungsinformationen (einschlie\u00dflich Ihrer gek\u00fcrzten IP-Adresse) an unseren Server \u00fcbertragen und zu Nutzungsanalysezwecken gespeichert, was der Webseitenoptimierung unsererseits dient. Ihre IP-Adresse wird bei diesem Vorgang umge\u00adhend anony\u00admi\u00adsiert, so dass Sie als Nutzer f\u00fcr uns anonym bleiben. Die durch den Cookie erzeugten Informationen \u00fcber Ihre Benutzung dieser Webseite werden nicht an Dritte weitergegeben. Sie k\u00f6nnen die Verwendung der Cookies durch eine entsprechende Einstellung Ihrer Browser Software verhindern, es kann jedoch sein, dass Sie in diesem Fall gegebenenfalls nicht s\u00e4mtliche Funktionen dieser Website voll umf\u00e4nglich nutzen k\u00f6nnen.<\/p>\n<h5>HOTJAR<\/h5>\n<p>Diese Website nutzt Hotjar, ein Webanalyse-Tool. Es werden damit Interaktionen von zuf\u00e4llig ausgew\u00e4hlten, einzelnen Besuchern mit der Internetseite anonymisiert aufgezeichnet. So entsteht ein Protokoll von z.B. Mausbewegungen und -klicks mit dem Ziel, Verbesserungsm\u00f6glichkeiten der jeweiligen Internetseite aufzuzeigen. Au\u00dferdem werden Informationen zum Betriebssystem, Browser, eingehende und ausgehende Verweise (Links), geografische Herkunft, sowie Aufl\u00f6sung und Art des Ger\u00e4ts zu statistischen Zwecken ausgewertet. Diese Informationen sind nicht personenbezogen und werden von Hotjar nicht an Dritte weitergegeben.&nbsp;Wenn sie eine Datenverarbeitung durch Hotjar nicht w\u00fcnschen, k\u00f6nnen Sie in den Einstellungen Ihres Webbrowsers&nbsp;die Verwendung von Cookies deaktivieren und bereits aktive Cookies l\u00f6schen.&nbsp;Hotjar durch das Setzen des DoNotTrack-Headers in Ihrem Browser deaktivieren. Mehr \u00fcber die Datenverarbeitung durch Hotjar finden Sie&nbsp;hier.&nbsp;<a title=\"https:\/\/www.hotjar.com\/privacy\" href=\"https:\/\/www.hotjar.com\/privacy\" target=\"_blank\" rel=\"noopener\">https:\/\/www.hotjar.com\/privacy<\/a><\/p>\n<\/div>\n<\/div>\n<\/div>\n<\/div>\n<div class=\"bhText bhElement bh-centered\" data-linkbtn=\"0\" data-uid=\"239\">\n<div class=\"bhElementInner\">\n<div class=\"bhTextInner\">\n<div class=\"bh-bodytext\">\n<p>Im Falle von Domainstreitigekeiten oder wettbewerbsrechtlichen oder \u00e4hnlichen Problemen bitten wir Sie, zur Vermeidung unn\u00f6tiger Rechtsstreite und Kosten, uns bereits im Vorfeld zu kontaktieren. Die Kostennote einer anwaltlichen Abmahnung ohne vorgehende Kontaktaufnahme mit uns wird im Sinne der Schadensminderungpflicht als unbegr\u00fcndet zur\u00fcckgewiesen.<\/p>\n<\/div>\n<\/div>\n<\/div>\n<\/div>\n","protected":false},"excerpt":{"rendered":"<p>F\u00fcr den Inhalt verantwortlich: Musikkapelle See Obmann Anton Gstrein Au 97\/2, 6553 See Tirol \u00b7 \u00d6sterreich Bildrechte Sofern nicht anderst angegeben: Musikkapelle See &nbsp; INFORMATIONEN ZUR ONLINE-STREITBEILEGUNG GEM\u00c4SS ART. 14. ABS. 1 ODR-VO Die EU-Kommission bietet die M\u00f6glichkeit zur Online-Streitbeilegung auf einer von ihr betriebene Platttform (sog. \u201eOS-Plattform\u201c). Die OS-Plattform kann als Anlaufstelle zur au\u00dfergerichtlichen Beilegung von Streitigkeiten aus Online-Kaufvertr\u00e4gen oder Dienstleistungsvertr\u00e4gen dienen. Diese Plattform ist \u00fcber den externen Link: http:\/\/ec.europa.eu\/consumers\/odr zu erreichen. URHEBERRECHTE &amp; NUTZUNGSBEDINGUNGEN Der Inhalt dieser Website ist urheberrechtlich gesch\u00fctzt. Bestimmte Inhalte k\u00f6nnen weiteres auch den Urheberrechts- und Nutzungsbedingungen von Partnern oder Lieferanten unterliegen. Die Bereitstellung von Inhalten und Bildmaterial dieser Website auf anderen Websites ist nur mit ausdr\u00fccklicher Genehmigung der B\u00e4ckerei Konditorei Kurz GmbH&nbsp;gestattet. Die auf dieser Website enthaltenen Angaben werden nach bestem Wissen erstellt und mit gro\u00dfer Sorgfalt auf ihre Richtigkeit \u00fcberpr\u00fcft. Trotzdem sind inhaltliche und sachliche Fehler nicht vollst\u00e4ndig auszuschlie\u00dfen. Die B\u00e4ckerei Konditorei Kurz GmbH&nbsp;\u00fcbernimmt&nbsp;keinerlei Garantie und Haftung f\u00fcr die Richtigkeit, Aktualit\u00e4t und Vollst\u00e4ndigkeit der bereitgestellten Informationen. Alle Angaben sind ohne Gew\u00e4hr. HAFTUNGSHINWEIS Trotz sorgf\u00e4ltiger inhaltlicher Kontrolle \u00fcbernehmen wir keine Haftung f\u00fcr die Inhalte externer Links. F\u00fcr den Inhalt der verlinkten Seiten sind ausschlie\u00dflich deren Betreiber verantwortlich. COOKIES Bei Cookies handelt es sich um kleine Textdateien, die lokal im Zwischenspeicher des Internet-Browsers des Seitenbesuchers gespeichert werden. Die Cookies erm\u00f6glichen die Wiedererkennung des Internet-Browsers. Sie dienen vor allem der einfacheren Verwendung von www.baeckerei-kurz.at&nbsp;bzw. dem rascheren Vorrankommen eines Nutzers w\u00e4hrend einer Suche oder Buchung. Diese Cookies geben aber unter gar keinen Umst\u00e4nden Zugriff auf Ihren Rechner, bzw. liefern pers\u00f6nliche Daten oder \u00c4hnliches. GOOGLE ANALYTICS, REMARKETING Diese Webseite benutzt Google Analytics, einen Webanalysedienst der Google Inc. (&#8222;Google&#8220;). Google Analytics verwendet sog. &#8222;Cookies&#8220;, Textdateien, die auf Ihrem Computer gespeichert werden und die eine Analyse der Benutzung der Webseite durch Sie erm\u00f6glicht. Die durch den Cookie erzeugten Informationen \u00fcber Ihre Benutzung dieser Webseite (einschlie\u00dflich Ihrer IP-Adresse) wird an einen Server der Google Inc. in den USA \u00fcbertragen und dort gespeichert. Google wird diese Informationen benutzen, um Ihre Nutzung der Webseite auszuwerten, um Reports \u00fcber die Webseitenaktivit\u00e4ten f\u00fcr die Webseitenbetreiber zusammenzustellen und um weitere mit der Webseitennutzung und der Internetnutzung verbundene Dienstleistungen zu erbringen. Auch wird Google diese Informationen gegebenenfalls an Dritte \u00fcbertragen, sofern dies gesetzlich vorgeschrieben oder soweit Dritte diese Daten im Auftrag von Google Inc. verarbeiten. Google wird in keinem Fall Ihre IP-Adresse mit anderen Daten der Google Inc. in Verbindung bringen. Sie k\u00f6nnen die Installation der Cookies durch eine entsprechende Einstellung Ihrer Browser Software verhindern. Durch die Nutzung dieser Webseite erkl\u00e4ren Sie sich mit der Bearbeitung der \u00fcber Sie erhobenen Daten durch Google in der zuvor beschriebenen Art und Weise und zu dem zuvor benannten Zweck einverstanden. Details finden Sie unter Google Datenschutz \u00dcberblick. Das Deaktivierungs-Add-on f\u00fcr Browser von Google Analytics gibt dem Website-Besucher mehr Kontrolle dar\u00fcber, welche Daten zu aufgerufenen Websites von Google Analytics erfasst werden. Drittanbieter, einschlie\u00dflich Google, schalten Anzeigen auf Websites im Internet. Drittanbieter, einschlie\u00dflich Google, verwenden Cookies zum Schalten von Anzeigen auf Grundlage vorheriger Besuche eines Nutzers auf Ihrer Website. Nutzer k\u00f6nnen die Verwendung von Cookies durch Google deaktivieren, indem sie die Seite zur Deaktivierung von Google-Werbung aufrufen. Alternativ k\u00f6nnen Nutzer die Verwendung von Cookies durch Drittanbieter deaktivieren, indem sie die Deaktivierungsseite der Netzwerkwerbeinitiativeaufrufen. ANALYSEDIENST PIWIK Unserer Website verwendet Piwik, dabei handelt es sich um einen sogenannten Webanalysedienst. Piwik verwendet sog. &#8222;Cookies&#8220;, dass sind Textdateien, die auf Ihrem Computer gespeichert werden und die unsererseits eine Analyse der Benutzung der Webseite erm\u00f6glichen. Zu diesem Zweck werden die durch den Cookie erzeugten Nutzungsinformationen (einschlie\u00dflich Ihrer gek\u00fcrzten IP-Adresse) an unseren Server \u00fcbertragen und zu Nutzungsanalysezwecken gespeichert, was der Webseitenoptimierung unsererseits dient. Ihre IP-Adresse wird bei diesem Vorgang umge\u00adhend anony\u00admi\u00adsiert, so dass Sie als Nutzer f\u00fcr uns anonym bleiben. Die durch den Cookie erzeugten Informationen \u00fcber Ihre Benutzung dieser Webseite werden nicht an Dritte weitergegeben. Sie k\u00f6nnen die Verwendung der Cookies durch eine entsprechende Einstellung Ihrer Browser Software verhindern, es kann jedoch sein, dass Sie in diesem Fall gegebenenfalls nicht s\u00e4mtliche Funktionen dieser Website voll umf\u00e4nglich nutzen k\u00f6nnen. HOTJAR Diese Website nutzt Hotjar, ein Webanalyse-Tool. Es werden damit Interaktionen von zuf\u00e4llig ausgew\u00e4hlten, einzelnen Besuchern mit der Internetseite anonymisiert aufgezeichnet. So entsteht ein Protokoll von z.B. Mausbewegungen und -klicks mit dem Ziel, Verbesserungsm\u00f6glichkeiten der jeweiligen Internetseite aufzuzeigen. Au\u00dferdem werden Informationen zum Betriebssystem, Browser, eingehende und ausgehende Verweise (Links), geografische Herkunft, sowie Aufl\u00f6sung und Art des Ger\u00e4ts zu statistischen Zwecken ausgewertet. Diese Informationen sind nicht personenbezogen und werden von Hotjar nicht an Dritte weitergegeben.&nbsp;Wenn sie eine Datenverarbeitung durch Hotjar nicht w\u00fcnschen, k\u00f6nnen Sie in den Einstellungen Ihres Webbrowsers&nbsp;die Verwendung von Cookies deaktivieren und bereits aktive Cookies l\u00f6schen.&nbsp;Hotjar durch das Setzen des DoNotTrack-Headers in Ihrem Browser deaktivieren. Mehr \u00fcber die Datenverarbeitung durch Hotjar finden Sie&nbsp;hier.&nbsp;https:\/\/www.hotjar.com\/privacy Im Falle von Domainstreitigekeiten oder wettbewerbsrechtlichen oder \u00e4hnlichen Problemen bitten wir Sie, zur Vermeidung unn\u00f6tiger Rechtsstreite und Kosten, uns bereits im Vorfeld zu kontaktieren. Die Kostennote einer anwaltlichen Abmahnung ohne vorgehende Kontaktaufnahme mit uns wird im Sinne der Schadensminderungpflicht als unbegr\u00fcndet zur\u00fcckgewiesen.<\/p>\n","protected":false},"author":1,"featured_media":0,"parent":0,"menu_order":0,"comment_status":"closed","ping_status":"closed","template":"","meta":{"ngg_post_thumbnail":0,"footnotes":""},"class_list":["post-35","page","type-page","status-publish","hentry"],"acf":[],"_links":{"self":[{"href":"https:\/\/musikkapelle-see.com\/index.php?rest_route=\/wp\/v2\/pages\/35","targetHints":{"allow":["GET"]}}],"collection":[{"href":"https:\/\/musikkapelle-see.com\/index.php?rest_route=\/wp\/v2\/pages"}],"about":[{"href":"https:\/\/musikkapelle-see.com\/index.php?rest_route=\/wp\/v2\/types\/page"}],"author":[{"embeddable":true,"href":"https:\/\/musikkapelle-see.com\/index.php?rest_route=\/wp\/v2\/users\/1"}],"replies":[{"embeddable":true,"href":"https:\/\/musikkapelle-see.com\/index.php?rest_route=%2Fwp%2Fv2%2Fcomments&post=35"}],"version-history":[{"count":11,"href":"https:\/\/musikkapelle-see.com\/index.php?rest_route=\/wp\/v2\/pages\/35\/revisions"}],"predecessor-version":[{"id":1152,"href":"https:\/\/musikkapelle-see.com\/index.php?rest_route=\/wp\/v2\/pages\/35\/revisions\/1152"}],"wp:attachment":[{"href":"https:\/\/musikkapelle-see.com\/index.php?rest_route=%2Fwp%2Fv2%2Fmedia&parent=35"}],"curies":[{"name":"wp","href":"https:\/\/api.w.org\/{rel}","templated":true}]}}